{"id":10,"date":"2017-02-16T15:19:28","date_gmt":"2017-02-16T15:19:28","guid":{"rendered":"http:\/\/melinsord.se\/?page_id=10"},"modified":"2023-05-14T11:55:34","modified_gmt":"2023-05-14T11:55:34","slug":"kontakt","status":"publish","type":"page","link":"https:\/\/melinsord.se\/?page_id=10","title":{"rendered":"Kontakt"},"content":{"rendered":"<p><strong>M&amp;D Melins Ord HB<\/strong><br><a href=\"mailto:info@melinsord.se\">info@melinsord.se<\/a><\/p>\n<p><strong>Margit Melin<\/strong><br><a href=\"mailto:margit@melinsord.se\">margit@melinsord.se<\/a><br>0708-602092<\/p>\n<p><strong>David Melin<\/strong><br><a href=\"mailto:david@melinsord.se\">david@melinsord.se<\/a><\/p>\n<p><\/p>\n\n\n<div class=\"wp-block-media-text alignwide is-stacked-on-mobile\" style=\"grid-template-columns:15% auto\"><figure class=\"wp-block-media-text__media\"><img loading=\"lazy\" decoding=\"async\" width=\"700\" height=\"700\" src=\"https:\/\/media.melinsord.se\/2020\/10\/Logga-Ormbunke-kvadrat-700x700.jpg\" alt=\"\" class=\"wp-image-233 size-full\" srcset=\"http:\/\/media.melinsord.se\/2020\/10\/Logga-Ormbunke-kvadrat-700x700.jpg 700w, http:\/\/media.melinsord.se\/2020\/10\/Logga-Ormbunke-kvadrat-300x300.jpg 300w, http:\/\/media.melinsord.se\/2020\/10\/Logga-Ormbunke-kvadrat-150x150.jpg 150w, http:\/\/media.melinsord.se\/2020\/10\/Logga-Ormbunke-kvadrat-768x768.jpg 768w, http:\/\/media.melinsord.se\/2020\/10\/Logga-Ormbunke-kvadrat-1536x1536.jpg 1536w, http:\/\/media.melinsord.se\/2020\/10\/Logga-Ormbunke-kvadrat-800x800.jpg 800w, http:\/\/media.melinsord.se\/2020\/10\/Logga-Ormbunke-kvadrat.jpg 2022w\" sizes=\"auto, (max-width: 700px) 100vw, 700px\" \/><\/figure><div class=\"wp-block-media-text__content\">\n<p class=\"has-normal-font-size\"><a href=\"https:\/\/www.facebook.com\/melinsord\">F\u00f6lj oss g\u00e4rna p\u00e5 Facebook<\/a><\/p>\n<\/div><\/div>\n\n\n\n<p><\/p>\n","protected":false},"excerpt":{"rendered":"<p>M&amp;D Melins Ord HBinfo@melinsord.se Margit Melinmargit@melinsord.se0708-602092 David Melindavid@melinsord.se F\u00f6lj oss g\u00e4rna p\u00e5 Facebook<\/p>\n","protected":false},"author":1,"featured_media":0,"parent":0,"menu_order":9,"comment_status":"closed","ping_status":"closed","template":"","meta":{"footnotes":""},"class_list":["post-10","page","type-page","status-publish","hentry"],"_links":{"self":[{"href":"https:\/\/melinsord.se\/index.php?rest_route=\/wp\/v2\/pages\/10","targetHints":{"allow":["GET"]}}],"collection":[{"href":"https:\/\/melinsord.se\/index.php?rest_route=\/wp\/v2\/pages"}],"about":[{"href":"https:\/\/melinsord.se\/index.php?rest_route=\/wp\/v2\/types\/page"}],"author":[{"embeddable":true,"href":"https:\/\/melinsord.se\/index.php?rest_route=\/wp\/v2\/users\/1"}],"replies":[{"embeddable":true,"href":"https:\/\/melinsord.se\/index.php?rest_route=%2Fwp%2Fv2%2Fcomments&post=10"}],"version-history":[{"count":6,"href":"https:\/\/melinsord.se\/index.php?rest_route=\/wp\/v2\/pages\/10\/revisions"}],"predecessor-version":[{"id":254,"href":"https:\/\/melinsord.se\/index.php?rest_route=\/wp\/v2\/pages\/10\/revisions\/254"}],"wp:attachment":[{"href":"https:\/\/melinsord.se\/index.php?rest_route=%2Fwp%2Fv2%2Fmedia&parent=10"}],"curies":[{"name":"wp","href":"https:\/\/api.w.org\/{rel}","templated":true}]}}