{"id":140,"date":"2019-11-13T17:22:07","date_gmt":"2019-11-13T17:22:07","guid":{"rendered":"http:\/\/melinsord.se\/?page_id=140"},"modified":"2019-11-13T17:27:09","modified_gmt":"2019-11-13T17:27:09","slug":"teater","status":"publish","type":"page","link":"https:\/\/melinsord.se\/?page_id=140","title":{"rendered":"Teater"},"content":{"rendered":"\n<p><em><strong>En docka &amp; ett piano ber\u00e4ttar en historia om svek, skuld och f\u00f6rsoning.<\/strong><\/em><\/p>\n\n\n\n<div class=\"wp-block-image\"><figure class=\"alignleft size-medium\"><img loading=\"lazy\" decoding=\"async\" width=\"265\" height=\"300\" src=\"https:\/\/media.melinsord.se\/2019\/11\/Affisch-f\u00f6r-hemsidan-265x300.jpg\" alt=\"\" class=\"wp-image-141\" srcset=\"http:\/\/media.melinsord.se\/2019\/11\/Affisch-f\u00f6r-hemsidan-265x300.jpg 265w, http:\/\/media.melinsord.se\/2019\/11\/Affisch-f\u00f6r-hemsidan.jpg 600w\" sizes=\"auto, (max-width: 265px) 100vw, 265px\" \/><\/figure><\/div>\n\n\n\n<p>I f\u00f6rest\u00e4llningen Jag \u00e4r Judas f\u00e5r Judas Iskariot chansen att ge sin version av vad som h\u00e4nde den d\u00e4r p\u00e5sken f\u00f6r tv\u00e5 tusen \u00e5r sedan. Judas &#8211; i form av en docka &#8211; ber\u00e4ttar med hj\u00e4lp av David Melin som dockspelare och Per Rosenius vid pianot.<\/p>\n\n\n\n<p>Dockteatern har en s\u00e4rskild f\u00f6rm\u00e5ga att komma n\u00e4ra. Vi tvivlar ju aldrig p\u00e5 att det \u00e4r en docka, \u00e4nd\u00e5 f\u00e5r den som en egen r\u00f6st, blir besj\u00e4lad med hj\u00e4lp av dockspelaren.<\/p>\n\n\n\n<p>Judas har sedan f\u00f6rr\u00e4deriet mot Jesus f\u00e5tt representera det onda, de andra. Men han \u00e4r ocks\u00e5 en av oss.<\/p>\n\n\n\n<p>L\u00e4s g\u00e4rna mer p\u00e5 Judas egen hemsida <a rel=\"noreferrer noopener\" aria-label=\"judas.nu (\u00f6ppnas i en ny flik)\" href=\"http:\/\/judas.nu\" target=\"_blank\">judas.nu<\/a>  Om du vill veta mer kan du g\u00e4rna kontakta oss p\u00e5 <a href=\"mailto:info@melinsord.se\">info@melinsord.se<\/a> eller <a href=\"mailto:info@judas.nu\">info@judas.nu<\/a>. <\/p>\n","protected":false},"excerpt":{"rendered":"<p>En docka &amp; ett piano ber\u00e4ttar en historia om svek, skuld och f\u00f6rsoning. I f\u00f6rest\u00e4llningen Jag \u00e4r Judas f\u00e5r Judas Iskariot chansen att ge sin version av vad som h\u00e4nde den d\u00e4r p\u00e5sken f\u00f6r tv\u00e5 tusen \u00e5r sedan. Judas &#8211; i form av en docka &#8211; ber\u00e4ttar med hj\u00e4lp av David Melin som dockspelare och&#8230;<\/p>\n","protected":false},"author":2,"featured_media":0,"parent":0,"menu_order":0,"comment_status":"closed","ping_status":"closed","template":"","meta":{"footnotes":""},"class_list":["post-140","page","type-page","status-publish","hentry"],"_links":{"self":[{"href":"https:\/\/melinsord.se\/index.php?rest_route=\/wp\/v2\/pages\/140","targetHints":{"allow":["GET"]}}],"collection":[{"href":"https:\/\/melinsord.se\/index.php?rest_route=\/wp\/v2\/pages"}],"about":[{"href":"https:\/\/melinsord.se\/index.php?rest_route=\/wp\/v2\/types\/page"}],"author":[{"embeddable":true,"href":"https:\/\/melinsord.se\/index.php?rest_route=\/wp\/v2\/users\/2"}],"replies":[{"embeddable":true,"href":"https:\/\/melinsord.se\/index.php?rest_route=%2Fwp%2Fv2%2Fcomments&post=140"}],"version-history":[{"count":6,"href":"https:\/\/melinsord.se\/index.php?rest_route=\/wp\/v2\/pages\/140\/revisions"}],"predecessor-version":[{"id":148,"href":"https:\/\/melinsord.se\/index.php?rest_route=\/wp\/v2\/pages\/140\/revisions\/148"}],"wp:attachment":[{"href":"https:\/\/melinsord.se\/index.php?rest_route=%2Fwp%2Fv2%2Fmedia&parent=140"}],"curies":[{"name":"wp","href":"https:\/\/api.w.org\/{rel}","templated":true}]}}