{"id":244,"date":"2021-03-03T10:46:01","date_gmt":"2021-03-03T10:46:01","guid":{"rendered":"http:\/\/melinsord.se\/?page_id=244"},"modified":"2021-03-03T10:46:01","modified_gmt":"2021-03-03T10:46:01","slug":"om-oss-2","status":"publish","type":"page","link":"https:\/\/melinsord.se\/?page_id=244","title":{"rendered":"Om oss"},"content":{"rendered":"\n<p>Helhet, enhet, kretslopp.<\/p>\n\n\n\n<p>Melins Ord skapades ur behovet av ett f\u00f6retag n\u00e4r boken \u201dV\u00e4nda sin jord\u201d gavs ut.<\/p>\n\n\n\n<p>Sedan har det tillkommit nya grenar p\u00e5 firmans tr\u00e4d. Kanske kan synas spretigt men f\u00f6r oss h\u00e4nger allting ihop, precis som silhuetten av tr\u00e4det p\u00e5 avst\u00e5nd. S\u00e5 samlas inom Melins Ord v\u00e5ra olika verksamheter och tj\u00e4nster.<\/p>\n\n\n\n<hr class=\"wp-block-separator\"\/>\n\n\n\n<div class=\"wp-block-group\"><div class=\"wp-block-group__inner-container is-layout-flow wp-block-group-is-layout-flow\">\n<p><strong>Margit Melin<\/strong> \u00e4r skribent, tr\u00e4dg\u00e5rdsm\u00e4stare, skogsbadsguide och odlare. <\/p>\n\n\n\n<div class=\"wp-block-image is-style-default\"><figure class=\"alignright size-medium is-resized\"><img loading=\"lazy\" decoding=\"async\" src=\"https:\/\/media.melinsord.se\/2020\/03\/Margit_portr\u00e4tt-300x300.jpg\" alt=\"\" class=\"wp-image-208\" width=\"150\" height=\"150\" srcset=\"http:\/\/media.melinsord.se\/2020\/03\/Margit_portr\u00e4tt-300x300.jpg 300w, http:\/\/media.melinsord.se\/2020\/03\/Margit_portr\u00e4tt-150x150.jpg 150w, http:\/\/media.melinsord.se\/2020\/03\/Margit_portr\u00e4tt.jpg 600w\" sizes=\"auto, (max-width: 150px) 100vw, 150px\" \/><\/figure><\/div>\n\n\n\n<p>Margit har skrivit och gett ut boken<strong> <\/strong>\u201dV\u00e4nda sin jord\u201d. Ett praktiskt-poetiskt verk som varvar fakta med betraktelser och bilder fr\u00e5n odlingss\u00e4songen p\u00e5 en liten biodynamisk g\u00e5rd. Tidigare har hon arbetat som journalist p\u00e5 bland annat Sveriges Television och Sveriges Radio.<\/p>\n<\/div><\/div>\n\n\n\n<p>Margit kan anlitas f\u00f6r st\u00f6rre och mindre uppdrag som skribent, korrekturl\u00e4sare eller r\u00f6st\/inl\u00e4sare.<\/p>\n\n\n\n<p>Som tr\u00e4dg\u00e5rdsm\u00e4stare och odlare ligger utforskandet till stora delar vid det egna sommartorpet i Haninge. Margit \u00e4r utbildad tr\u00e4dg\u00e5rdsm\u00e4stare vid Skillebyholms utbildningscenter med inriktning p\u00e5 biodynamisk odling och odlingspedagogik. Hon har arbetat vid bl.a. Mikado mark och tr\u00e4dg\u00e5rd i Stockholmsomr\u00e5det samt med utemilj\u00f6n vid S\u00f6derledskyrkan i Farsta f\u00f6rsamling, Stockholm.<\/p>\n\n\n\n<p>Margit kan anlitas f\u00f6r st\u00f6rre och mindre uppdrag inom tr\u00e4dg\u00e5rd och odling, med planering, r\u00e5dgivning, utf\u00f6rande och sk\u00f6tsel.<\/p>\n\n\n\n<p>Margit \u00e4r \u00e4ven certifierad skogsbadsguide och skogsterapiguide, utbildad vid bland annat <a rel=\"noreferrer noopener\" href=\"https:\/\/www.scandinaviannatureandforesttherapyinstitute.com\/\" target=\"_blank\">Scandinavian Nature and Forest Therapy Institute<\/a>. Skogsbad \u00e4r en metod f\u00f6r att med naturens hj\u00e4lp hitta lugn och v\u00e4lbefinnande.<\/p>\n\n\n\n<p>Margit tar emot emot grupper och enskilda f\u00f6r skogsbad. I samarbete med kolleger i Stockholm presenteras kommande evenemang p\u00e5 sidan <a rel=\"noreferrer noopener\" href=\"http:\/\/skogsbadistockholm.se\" data-type=\"URL\" data-id=\"skogsbadistockholm.se\" target=\"_blank\">Skogsbad i Stockholm<\/a>.<\/p>\n\n\n\n<p>Hon tar \u00e4ven emot personer som kan beh\u00f6va s\u00e4rskild anpassning av skogsbadet och inte kan eller vill g\u00e5 med p\u00e5  ett \u00f6ppet, publikt skogsbad.<\/p>\n\n\n\n<hr class=\"wp-block-separator\"\/>\n\n\n\n<p><strong>David Melin<\/strong>&nbsp;\u00e4r pr\u00e4st, teolog, sk\u00e5despelare och rosenterapeut.<\/p>\n\n\n\n<div class=\"wp-block-image is-style-default\"><figure class=\"alignleft size-medium is-resized\"><a href=\"https:\/\/media.melinsord.se\/2020\/03\/David_portr\u00e4tt.jpg\"><img loading=\"lazy\" decoding=\"async\" src=\"https:\/\/media.melinsord.se\/2020\/03\/David_portr\u00e4tt-300x300.jpg\" alt=\"\" class=\"wp-image-214\" width=\"150\" height=\"150\" srcset=\"http:\/\/media.melinsord.se\/2020\/03\/David_portr\u00e4tt-300x300.jpg 300w, http:\/\/media.melinsord.se\/2020\/03\/David_portr\u00e4tt-150x150.jpg 150w, http:\/\/media.melinsord.se\/2020\/03\/David_portr\u00e4tt.jpg 600w\" sizes=\"auto, (max-width: 150px) 100vw, 150px\" \/><\/a><\/figure><\/div>\n\n\n\n<p>David har tj\u00e4nst som pr\u00e4st vid Stiftelsen Stora Sk\u00f6ndal i Stockholm. D\u00e4r har han m\u00e5nga samtal och grupper med boende och personal, men arbetar ocks\u00e5 med kyrkliga uppdrag i samarbete med Farsta f\u00f6rsamling.<\/p>\n\n\n\n<p>David arrangerar pilgrimsvandringar, retreater och meditationer och han har tagit initiativ till och sj\u00f6satt K\u00e4rnordsvandringen vid Stora Sk\u00f6ndal, en kort pilgrimsled som inbjuder till reflektion, r\u00f6relse och sk\u00f6nhet. <a rel=\"noreferrer noopener\" href=\"https:\/\/www.storaskondal.se\/vara-verksamheter\/diakonala-enheten\/\" target=\"_blank\">L\u00e4s g\u00e4rna mer h\u00e4r<\/a>.<\/p>\n\n\n\n<p>Parallellt med sitt arbete utvecklar han sina tankar om tro och teologi. \u201dMed mitt teologiska arbete vill jag visa att tron \u00e4r relevant i dag. Jag vill ocks\u00e5 lyfta fram en teologi som \u00e4r fri fr\u00e5n f\u00f6rtryckande makt\u201d, s\u00e4ger han.<\/p>\n\n\n\n<p>David har tidigare arbetat som f\u00f6rsamlingspr\u00e4st med f\u00f6rdjupning i bland annat b\u00f6n och meditation som Centering&nbsp;prayer och Lectio divina samt med pilgrimsvandringar.<\/p>\n\n\n\n<p>Som sk\u00e5despelare har David gedigen utbildning (bland annat Mimlinjen vid Dansh\u00f6gskolan) och erfarenhet. Han har arbetat fr\u00e4mst med mimteater och dockteater vid bland annat Teater Tre och Dockteatern Tittut.<\/p>\n\n\n\n<p>F\u00f6rest\u00e4llningen \u201dJag \u00e4r Judas\u201d g\u00e5r att boka <a href=\"http:\/\/judas.nu\/\" target=\"_blank\" rel=\"noreferrer noopener\">h\u00e4r<\/a>.<\/p>\n\n\n\n<p>David \u00e4r ocks\u00e5 rosenterapeut, utbildad vid Axelsons gymnastiska institut.<\/p>\n","protected":false},"excerpt":{"rendered":"<p>Helhet, enhet, kretslopp. Melins Ord skapades ur behovet av ett f\u00f6retag n\u00e4r boken \u201dV\u00e4nda sin jord\u201d gavs ut. Sedan har det tillkommit nya grenar p\u00e5 firmans tr\u00e4d. Kanske kan synas spretigt men f\u00f6r oss h\u00e4nger allting ihop, precis som silhuetten av tr\u00e4det p\u00e5 avst\u00e5nd. S\u00e5 samlas inom Melins Ord v\u00e5ra olika verksamheter och tj\u00e4nster. Margit&#8230;<\/p>\n","protected":false},"author":2,"featured_media":0,"parent":0,"menu_order":0,"comment_status":"closed","ping_status":"closed","template":"","meta":{"footnotes":""},"class_list":["post-244","page","type-page","status-publish","hentry"],"_links":{"self":[{"href":"https:\/\/melinsord.se\/index.php?rest_route=\/wp\/v2\/pages\/244","targetHints":{"allow":["GET"]}}],"collection":[{"href":"https:\/\/melinsord.se\/index.php?rest_route=\/wp\/v2\/pages"}],"about":[{"href":"https:\/\/melinsord.se\/index.php?rest_route=\/wp\/v2\/types\/page"}],"author":[{"embeddable":true,"href":"https:\/\/melinsord.se\/index.php?rest_route=\/wp\/v2\/users\/2"}],"replies":[{"embeddable":true,"href":"https:\/\/melinsord.se\/index.php?rest_route=%2Fwp%2Fv2%2Fcomments&post=244"}],"version-history":[{"count":5,"href":"https:\/\/melinsord.se\/index.php?rest_route=\/wp\/v2\/pages\/244\/revisions"}],"predecessor-version":[{"id":249,"href":"https:\/\/melinsord.se\/index.php?rest_route=\/wp\/v2\/pages\/244\/revisions\/249"}],"wp:attachment":[{"href":"https:\/\/melinsord.se\/index.php?rest_route=%2Fwp%2Fv2%2Fmedia&parent=244"}],"curies":[{"name":"wp","href":"https:\/\/api.w.org\/{rel}","templated":true}]}}