{"id":80,"date":"2017-02-21T10:29:58","date_gmt":"2017-02-21T10:29:58","guid":{"rendered":"http:\/\/melinsord.se\/?page_id=80"},"modified":"2019-11-13T16:37:22","modified_gmt":"2019-11-13T16:37:22","slug":"bocker","status":"publish","type":"page","link":"https:\/\/melinsord.se\/?page_id=80","title":{"rendered":"B\u00f6cker"},"content":{"rendered":"<p><span style=\"color: #000000; font-family: Calibri; font-size: medium;\"><a href=\"https:\/\/media.melinsord.se\/2018\/04\/978-91-639-2919-9-1.jpg\"><img loading=\"lazy\" decoding=\"async\" class=\"alignleft wp-image-109 size-medium\" src=\"https:\/\/media.melinsord.se\/2018\/04\/978-91-639-2919-9-1-297x300.jpg\" alt=\"Bokomslag\" width=\"297\" height=\"300\" srcset=\"http:\/\/media.melinsord.se\/2018\/04\/978-91-639-2919-9-1-297x300.jpg 297w, http:\/\/media.melinsord.se\/2018\/04\/978-91-639-2919-9-1-768x776.jpg 768w, http:\/\/media.melinsord.se\/2018\/04\/978-91-639-2919-9-1-700x707.jpg 700w, http:\/\/media.melinsord.se\/2018\/04\/978-91-639-2919-9-1-800x808.jpg 800w\" sizes=\"auto, (max-width: 297px) 100vw, 297px\" \/><\/a><\/span><em><span style=\"color: #000000;\"><span style=\"font-family: Calibri;\">P\u00e5 en liten g\u00e5rd i S\u00f6dermanland lever Harald och Sonja. Vid fyllda 40 \u00e5r l\u00e4mnade de Stockholm p\u00e5 1970-talet f\u00f6r att f\u00f6lja sin l\u00e4ngtan om ett annat liv.\u00a0 <\/span><\/span><\/em><span style=\"color: #000000;\"><span style=\"font-family: Calibri;\"><em>Ett liv n\u00e4rmare allt levande, ett liv sannare mot dem sj\u00e4lva. G\u00e5rden och livet som de har byggt upp blir en ber\u00e4ttelse om idogt arbete men ocks\u00e5 om en tillvaro bortom stressen. Om enkelhet, sammanhang och n\u00e4rhet till det viktigaste; jorden och varandra. <\/em><\/span><\/span><\/p>\n<p><span style=\"color: #000000;\"><span style=\"font-family: Calibri;\"><em>Och om att det faktiskt g\u00e5r att f\u00f6rs\u00f6rja sig p\u00e5 en liten g\u00e5rd \u00e4ven i 2000-talet.<\/em>\u00a0<\/span><\/span><span style=\"color: #000000; font-family: Calibri;\">\u00a0\u00a0\u00a0\u00a0\u00a0\u00a0\u00a0\u00a0\u00a0\u00a0\u00a0\u00a0\u00a0\u00a0\u00a0\u00a0\u00a0\u00a0\u00a0\u00a0\u00a0\u00a0\u00a0\u00a0\u00a0\u00a0\u00a0\u00a0\u00a0\u00a0\u00a0\u00a0\u00a0\u00a0\u00a0<\/span><\/p>\n<hr \/>\n<h2><span style=\"color: #000000; font-family: Calibri;\">V\u00e4nda sin jord av Margit Melin<\/span><\/h2>\n<p><span style=\"color: #000000; font-family: Calibri;\">Boken om Harald och Sonja Speer, deras g\u00e5rd och liv \u00e4r ett praktiskt-poetiskt verk som\u00a0varvar fakta med betraktelser och bilder fr\u00e5n odlingss\u00e4songen p\u00e5 en liten biodynamisk g\u00e5rd.\u00a0<\/span><span style=\"color: #000000; font-family: Calibri;\">En fin bok f\u00f6r vem som helst som \u00e4r intresserad av odling eller som \u00e4r intresserad av tr\u00e4dg\u00e5rd.<\/span><\/p>\n<blockquote><p><span style=\"color: #993300;\">Vilken fantastiskt fin bok du skrivit! Och fotograferat. Jag str\u00e4ckl\u00e4ste den p\u00e5 kv\u00e4llen n\u00e4r jag kommit hem med den, och det utan att vara speciellt intresserad av odling! Det var spr\u00e5ket och s\u00e4ttet att varva ber\u00e4ttelser om deras liv med tips och anvisningar i lagom l\u00e5nga sm\u00e5 stycken som gjorde det. Mixen och ber\u00e4ttarstilen gjorde allt. Jag hoppas verkligen att den n\u00e5r ut till m\u00e5nga l\u00e4sare!<\/span><\/p><\/blockquote>\n<p>Best\u00e4ll genom att mejla namn och adress till info@melinsord.se.<\/p>\n<p>Eller ring 0708-60 20 92.<\/p>\n<p>Pris: 250 kr + frakt och porto.<\/p>\n<p>L\u00e4s recension p\u00e5\u00a0<a href=\"http:\/\/dagensbok.com\/2017\/04\/20\/spaden-har-en-poetisk-rytm\/\">dagensbok.com<\/a><\/p>\n<p><span style=\"color: #000000; font-family: Calibri; font-size: medium;\">\u00a0<\/span><\/p>\n","protected":false},"excerpt":{"rendered":"<p>P\u00e5 en liten g\u00e5rd i S\u00f6dermanland lever Harald och Sonja. Vid fyllda 40 \u00e5r l\u00e4mnade de Stockholm p\u00e5 1970-talet f\u00f6r att f\u00f6lja sin l\u00e4ngtan om ett annat liv.\u00a0 Ett liv n\u00e4rmare allt levande, ett liv sannare mot dem sj\u00e4lva. G\u00e5rden och livet som de har byggt upp blir en ber\u00e4ttelse om idogt arbete men ocks\u00e5&#8230;<\/p>\n","protected":false},"author":2,"featured_media":0,"parent":0,"menu_order":0,"comment_status":"closed","ping_status":"closed","template":"","meta":{"footnotes":""},"class_list":["post-80","page","type-page","status-publish","hentry"],"_links":{"self":[{"href":"https:\/\/melinsord.se\/index.php?rest_route=\/wp\/v2\/pages\/80","targetHints":{"allow":["GET"]}}],"collection":[{"href":"https:\/\/melinsord.se\/index.php?rest_route=\/wp\/v2\/pages"}],"about":[{"href":"https:\/\/melinsord.se\/index.php?rest_route=\/wp\/v2\/types\/page"}],"author":[{"embeddable":true,"href":"https:\/\/melinsord.se\/index.php?rest_route=\/wp\/v2\/users\/2"}],"replies":[{"embeddable":true,"href":"https:\/\/melinsord.se\/index.php?rest_route=%2Fwp%2Fv2%2Fcomments&post=80"}],"version-history":[{"count":16,"href":"https:\/\/melinsord.se\/index.php?rest_route=\/wp\/v2\/pages\/80\/revisions"}],"predecessor-version":[{"id":135,"href":"https:\/\/melinsord.se\/index.php?rest_route=\/wp\/v2\/pages\/80\/revisions\/135"}],"wp:attachment":[{"href":"https:\/\/melinsord.se\/index.php?rest_route=%2Fwp%2Fv2%2Fmedia&parent=80"}],"curies":[{"name":"wp","href":"https:\/\/api.w.org\/{rel}","templated":true}]}}